{"id":1869,"date":"2021-10-16T15:24:59","date_gmt":"2021-10-16T13:24:59","guid":{"rendered":"https:\/\/vaellolegal.com\/nota-juridica\/"},"modified":"2026-03-13T18:21:40","modified_gmt":"2026-03-13T17:21:40","slug":"nota-juridica","status":"publish","type":"page","link":"https:\/\/vaellolegal.com\/ro\/nota-juridica\/","title":{"rendered":"Not\u0103 juridic\u0103"},"content":{"rendered":"\t\t<div data-elementor-type=\"wp-page\" data-elementor-id=\"1869\" class=\"elementor elementor-1869 elementor-57\" data-elementor-post-type=\"page\">\n\t\t\t\t<div class=\"elementor-element elementor-element-664f328 e-flex e-con-boxed e-con e-parent\" data-id=\"664f328\" data-element_type=\"container\" data-e-type=\"container\">\n\t\t\t\t\t<div class=\"e-con-inner\">\n\t\t\t\t<div class=\"elementor-element elementor-element-39e90d5 elementor-widget elementor-widget-heading\" data-id=\"39e90d5\" data-element_type=\"widget\" data-e-type=\"widget\" data-widget_type=\"heading.default\">\n\t\t\t\t<div class=\"elementor-widget-container\">\n\t\t\t\t\t<h1 class=\"elementor-heading-title elementor-size-default\">NOTIFICARE LEGAL\u0102<\/h1>\t\t\t\t<\/div>\n\t\t\t\t<\/div>\n\t\t\t\t<div class=\"elementor-element elementor-element-c026941 elementor-widget elementor-widget-text-editor\" data-id=\"c026941\" data-element_type=\"widget\" data-e-type=\"widget\" data-widget_type=\"text-editor.default\">\n\t\t\t\t<div class=\"elementor-widget-container\">\n\t\t\t\t\t\t\t\t\t<p><strong>NOTIFICARE LEGAL\u0102<\/strong><\/p><p>Scopul acestei note juridice este de a v\u0103 informa cu privire la drepturile \u0219i obliga\u021biile dumneavoastr\u0103 \u00een calitate de utilizator al acestui site web. Aici ve\u021bi g\u0103si toate informa\u021biile de care ave\u021bi nevoie despre acest site, activitatea sa, datele cu caracter personal pe care le colecteaz\u0103 \u0219i scopul s\u0103u, precum \u0219i normele de utilizare care reglementeaz\u0103 utilizarea acestui site. <\/p><p>\u00cen momentul \u00een care accesa\u021bi acest site web  <strong>www.vaellolegal.com<\/strong>v\u0103 asuma\u021bi condi\u021bia de utilizator, astfel \u00eenc\u00e2t con\u021binutul prezentei note juridice v\u0103 afecteaz\u0103 \u00een mod direct. Prin urmare, este important s\u0103 o citi\u021bi pentru a risipi orice \u00eendoieli pe care le-a\u021bi putea avea \u0219i pentru a fi con\u0219tient de condi\u021biile pe care le accepta\u021bi. <\/p><p>Pentru \u00eenceput, trebuie s\u0103 \u0219ti\u021bi c\u0103 acest site respect\u0103 reglement\u0103rile \u00een vigoare privind protec\u021bia datelor, cu scopul de a v\u0103 oferi garan\u021biile, securitatea \u0219i transparen\u021ba la care, \u00een calitate de utilizator, ave\u021bi dreptul atunci c\u00e2nd utiliza\u021bi acest site.<\/p><ul><li><strong>GDPR<\/strong> (Regulamentul (UE) 2016\/679 al Parlamentului European \u0219i al Consiliului din 27 aprilie 2016 privind protec\u021bia persoanelor fizice), care unific\u0103 reglementarea prelucr\u0103rii datelor cu caracter personal \u00een diferitele \u021b\u0103ri ale UE.<\/li><li><strong>LOPDGDD<\/strong> (Legea organic\u0103 3\/2018, din 5 decembrie, privind protec\u021bia datelor cu caracter personal \u0219i garantarea drepturilor digitale), care reglementeaz\u0103 prelucrarea datelor cu caracter personal \u0219i obliga\u021biile pe care trebuie s\u0103 \u0219i le asume responsabilii unui site sau blog \u00een gestionarea acestor informa\u021bii.<\/li><li><strong>LSSI<\/strong> (Legea 34\/2002, din 11 iulie, privind serviciile societ\u0103\u021bii informa\u021bionale \u0219i comer\u021bul electronic), care reglementeaz\u0103 tranzac\u021biile economice prin mijloace electronice.<\/li><\/ul><h3>DATE DE IDENTIFICARE<\/h3><p>Responsabilul \u0219i proprietarul acestui site este <strong>Oscar Vaello Monllau<\/strong>:<\/p><ul><li><strong>Nume:<\/strong> Oscar Vaello Monllau<\/li><li><strong>NIF:<\/strong> 40994280T<\/li><li><strong>Sediul social:<\/strong> Carrer de los Castillejos, 267, Eixample, 08013<\/li><li><strong>Activitatea site-ului:<\/strong> Distribuirea de con\u021binut legat de <strong>Oscar Vaello Monllau<\/strong>con\u021binut conex, afi\u0219area de reclame \u0219i recomandarea de produse afiliate.<\/li><li><strong>E-mail:<\/strong> <\/li><\/ul><p>Datele pe care ni le furniza\u021bi cu consim\u021b\u0103m\u00e2ntul dumneavoastr\u0103 \u0219i \u00een conformitate cu utilizarea stabilit\u0103 \u00een Politica noastr\u0103 de confiden\u021bialitate vor fi \u00eencorporate \u00eentr-un fi\u0219ier automat, pentru care partea responsabil\u0103 este  <strong>Oscar Vaello Monllau<\/strong>. Acest lucru garanteaz\u0103 c\u0103 datele dumneavoastr\u0103 sunt \u00een siguran\u021b\u0103 \u0219i protejate \u00een conformitate cu legea.<\/p><h3>REGULI DE ACCESARE A SITE-ULUI<\/h3><p>\u00cen calitate de utilizator al site-ului nostru, ave\u021bi, de asemenea, o serie de obliga\u021bii:<\/p><ul><li>Nu pute\u021bi utiliza acest site web pentru activit\u0103\u021bi contrare legii, moralei, ordinii publice sau pentru utiliz\u0103ri contrare celor exprimate \u00een prezenta Not\u0103 juridic\u0103.<\/li><li>Nu v\u0103 pute\u021bi angaja \u00een publicitate sau exploatare comercial\u0103 folosind identit\u0103\u021bi false.<\/li><li>Sunte\u021bi singurul responsabil pentru veridicitatea \u0219i acurate\u021bea con\u021binutului pe care \u00eel introduce\u021bi pe acest site \u0219i pentru datele cu caracter personal pe care le furniza\u021bi \u00een scopurile stabilite \u00een Politica noastr\u0103 de confiden\u021bialitate.<\/li><li>Ve\u021bi fi, de asemenea, responsabil pentru orice ac\u021biuni ilegale, de \u00eenc\u0103lcare a legii, d\u0103un\u0103toare \u0219i\/sau d\u0103un\u0103toare de pe site-urile ter\u021bilor c\u0103tre care v\u0103 putem redirec\u021biona.<\/li><\/ul><p><strong>Oscar Vaello Monllau<\/strong>  poate \u00eentrerupe serviciul site-ului \u0219i poate \u00eenceta rela\u021bia cu utilizatorul dac\u0103 detecteaz\u0103 o utilizare necorespunz\u0103toare a site-ului.<\/p><h3>PROPRIETATE INTELECTUAL\u0102 \u0218I INDUSTRIAL\u0102<\/h3><p>\u00centregul site (text, imagini, m\u0103rci comerciale, grafic\u0103, logo-uri, butoane, fi\u0219iere software, combina\u021bii de culori, precum \u0219i structura, selec\u021bia, aranjarea \u0219i prezentarea con\u021binutului s\u0103u) este protejat de legisla\u021bia \u00een vigoare privind proprietatea intelectual\u0103 \u0219i industrial\u0103.<\/p><p>Reproducerea, distribuirea, comunicarea public\u0103 \u0219i transformarea, cu excep\u021bia utiliz\u0103rii personale \u0219i private, sunt interzise.<\/p><p><strong>Oscar Vaello Monllau<\/strong>  nu garanteaz\u0103 c\u0103 con\u021binutul este precis sau f\u0103r\u0103 erori. Utilizarea bun\u0103 sau proast\u0103 a acestui site \u0219i a con\u021binutului s\u0103u este responsabilitatea utilizatorului.<\/p><h3>LEG\u0102TURI<\/h3><p>Acest site include linkuri c\u0103tre site-uri ter\u021be. Aceste pagini nu au fost revizuite \u0219i nu sunt verificate de noi.  <strong>Oscar Vaello Monllau<\/strong>  nu va fi responsabil pentru con\u021binutul, politicile de confiden\u021bialitate sau ac\u021biunile \u00eentreprinse de aceste ter\u021be p\u0103r\u021bi.<\/p><p>V\u0103 recomand\u0103m s\u0103 citi\u021bi cu aten\u021bie condi\u021biile de utilizare \u0219i politicile acestor site-uri \u00eenainte de a le utiliza.<\/p><h3>LINK-URI AFILIATE AMAZON<\/h3><p>Acest site utilizeaz\u0103 link-uri afiliate Amazon. Acest lucru \u00eenseamn\u0103 c\u0103 ve\u021bi g\u0103si linkuri c\u0103tre produse Amazon pe care le pute\u021bi achizi\u021biona \u00een conformitate cu termenii lor proprii de utilizare. <\/p><h3>LIMITAREA R\u0102SPUNDERII<\/h3><p><strong>Oscar Vaello Monllau<\/strong>  nu este responsabil pentru:<\/p><ul><li>Calitate, rapiditate \u0219i continuitate a serviciului.<\/li><li>Existen\u021ba de viru\u0219i, malware sau software r\u0103u inten\u021bionat \u00een con\u021binut.<\/li><li>Utilizarea ilegal\u0103 sau neglijent\u0103 a site-ului.<\/li><li>Lipsa de legalitate, calitate, fiabilitate sau utilitate a serviciilor furnizate de ter\u021be p\u0103r\u021bi.<\/li><li>Daunele care pot rezulta din utilizarea ilegal\u0103 a acestui site.<\/li><\/ul><h3>POLITICA DE CONFIDEN\u021aIALITATE \u0218I DE PROTEC\u021aIE A DATELOR<\/h3><p>Acest site respect\u0103 reglement\u0103rile \u00een vigoare privind protec\u021bia datelor. \u00cen calitate de utilizator, trebuie s\u0103 v\u0103 da\u021bi consim\u021b\u0103m\u00e2ntul expres \u00eenainte de a furniza date cu caracter personal prin intermediul formularelor disponibile pe site. Toate informa\u021biile pe aceast\u0103 tem\u0103 sunt disponibile \u00een <strong>Politica<\/strong> noastr\u0103 <strong>de confiden\u021bialitate<\/strong>.  <\/p><h3>POLITICA COOKIES<\/h3><p>Acest site utilizeaz\u0103 module cookie proprii \u0219i ale ter\u021bilor. V\u0103 pute\u021bi seta browserul pentru a refuza utilizarea modulelor cookie. Pentru mai multe informa\u021bii, v\u0103 rug\u0103m s\u0103 consulta\u021bi <strong>Politica<\/strong> noastr\u0103 <strong>privind cookie-urile<\/strong>.  <\/p><h3>LEGEA APLICABIL\u0102 \u0218I JURISDIC\u021aIA COMPETENT\u0102<\/h3><p>Prezentul aviz juridic face obiectul legisla\u021biei spaniole \u00een vigoare. Orice litigiu va fi \u00eenaintat instan\u021belor \u0219i tribunalelor de la domiciliul utilizatorului. \u00cen cazul \u00een care utilizatorul \u00ee\u0219i are re\u0219edin\u021ba \u00een afara Spaniei, p\u0103r\u021bile se vor supune instan\u021belor \u0219i tribunalelor din Barcelona (Spania).  <\/p><p>Dac\u0103 ave\u021bi \u00eentreb\u0103ri, ne pute\u021bi trimite un e-mail la adresa <strong><\/strong>.<\/p>\t\t\t\t\t\t\t\t<\/div>\n\t\t\t\t<\/div>\n\t\t\t\t\t<\/div>\n\t\t\t\t<\/div>\n\t\t\t\t<\/div>\n\t\t","protected":false},"excerpt":{"rendered":"<p>NOTIFICARE LEGAL\u0102 NOTIFICARE LEGAL\u0102 Scopul acestei note juridice este de a v\u0103 informa cu privire la drepturile \u0219i obliga\u021biile dumneavoastr\u0103 \u00een calitate de utilizator al acestui site web. Aici ve\u021bi g\u0103si toate informa\u021biile de care ave\u021bi nevoie despre acest site, activitatea sa, datele cu caracter personal pe care le colecteaz\u0103 \u0219i scopul s\u0103u, precum \u0219i [&hellip;]<\/p>\n","protected":false},"author":3,"featured_media":0,"parent":0,"menu_order":0,"comment_status":"closed","ping_status":"closed","template":"elementor_header_footer","meta":{"_acf_changed":false,"inline_featured_image":false,"footnotes":""},"tags":[],"class_list":["post-1869","page","type-page","status-publish","hentry"],"acf":[],"yoast_head":"<!-- This site is optimized with the Yoast SEO plugin v27.2 - https:\/\/yoast.com\/product\/yoast-seo-wordpress\/ -->\n<title>\u25b7Not\u0103 juridic\u0103 - \u3010 Vaello Legal \u3011<\/title>\n<meta name=\"description\" content=\"NOTIFICARE LEGAL\u0102 NOTIFICARE LEGAL\u0102Scopul acestei note juridice este de a v\u0103 informa cu privire la drepturile \u0219i obliga\u021biile dumneavoastr\u0103 \u00een calitate de \u2713\" \/>\n<meta name=\"robots\" content=\"noindex, nofollow\" \/>\n<meta property=\"og:locale\" content=\"ro_RO\" \/>\n<meta property=\"og:type\" content=\"article\" \/>\n<meta property=\"og:title\" content=\"\u25b7Not\u0103 juridic\u0103 - \u3010 Vaello Legal \u3011\" \/>\n<meta property=\"og:description\" content=\"NOTIFICARE LEGAL\u0102 NOTIFICARE LEGAL\u0102Scopul acestei note juridice este de a v\u0103 informa cu privire la drepturile \u0219i obliga\u021biile dumneavoastr\u0103 \u00een calitate de \u2713\" \/>\n<meta property=\"og:url\" content=\"https:\/\/vaellolegal.com\/ro\/nota-juridica\/\" \/>\n<meta property=\"og:site_name\" content=\"Vaello Legal\" \/>\n<meta property=\"article:modified_time\" content=\"2026-03-13T17:21:40+00:00\" \/>\n<meta name=\"twitter:card\" content=\"summary_large_image\" \/>\n<meta name=\"twitter:label1\" content=\"Timp estimat pentru citire\" \/>\n\t<meta name=\"twitter:data1\" content=\"5 minute\" \/>\n<!-- \/ Yoast SEO plugin. -->","yoast_head_json":{"title":"\u25b7Not\u0103 juridic\u0103 - \u3010 Vaello Legal \u3011","description":"NOTIFICARE LEGAL\u0102 NOTIFICARE LEGAL\u0102Scopul acestei note juridice este de a v\u0103 informa cu privire la drepturile \u0219i obliga\u021biile dumneavoastr\u0103 \u00een calitate de \u2713","robots":{"index":"noindex","follow":"nofollow"},"og_locale":"ro_RO","og_type":"article","og_title":"\u25b7Not\u0103 juridic\u0103 - \u3010 Vaello Legal \u3011","og_description":"NOTIFICARE LEGAL\u0102 NOTIFICARE LEGAL\u0102Scopul acestei note juridice este de a v\u0103 informa cu privire la drepturile \u0219i obliga\u021biile dumneavoastr\u0103 \u00een calitate de \u2713","og_url":"https:\/\/vaellolegal.com\/ro\/nota-juridica\/","og_site_name":"Vaello Legal","article_modified_time":"2026-03-13T17:21:40+00:00","twitter_card":"summary_large_image","twitter_misc":{"Timp estimat pentru citire":"5 minute"},"schema":{"@context":"https:\/\/schema.org","@graph":[{"@type":"WebPage","@id":"https:\/\/vaellolegal.com\/ro\/nota-juridica\/","url":"https:\/\/vaellolegal.com\/ro\/nota-juridica\/","name":"\u25b7Not\u0103 juridic\u0103 - \u3010 Vaello Legal \u3011","isPartOf":{"@id":"https:\/\/vaellolegal.com\/ro\/#website"},"datePublished":"2021-10-16T13:24:59+00:00","dateModified":"2026-03-13T17:21:40+00:00","description":"NOTIFICARE LEGAL\u0102 NOTIFICARE LEGAL\u0102Scopul acestei note juridice este de a v\u0103 informa cu privire la drepturile \u0219i obliga\u021biile dumneavoastr\u0103 \u00een calitate de \u2713","breadcrumb":{"@id":"https:\/\/vaellolegal.com\/ro\/nota-juridica\/#breadcrumb"},"inLanguage":"ro-RO","potentialAction":[{"@type":"ReadAction","target":["https:\/\/vaellolegal.com\/ro\/nota-juridica\/"]}]},{"@type":"BreadcrumbList","@id":"https:\/\/vaellolegal.com\/ro\/nota-juridica\/#breadcrumb","itemListElement":[{"@type":"ListItem","position":1,"name":"Portada","item":"https:\/\/vaellolegal.com\/ro\/"},{"@type":"ListItem","position":2,"name":"Not\u0103 juridic\u0103"}]},{"@type":"WebSite","@id":"https:\/\/vaellolegal.com\/ro\/#website","url":"https:\/\/vaellolegal.com\/ro\/","name":"Vaello Legal","description":"Abogados inmobiliarios en Barcelona","publisher":{"@id":"https:\/\/vaellolegal.com\/ro\/#organization"},"potentialAction":[{"@type":"SearchAction","target":{"@type":"EntryPoint","urlTemplate":"https:\/\/vaellolegal.com\/ro\/?s={search_term_string}"},"query-input":{"@type":"PropertyValueSpecification","valueRequired":true,"valueName":"search_term_string"}}],"inLanguage":"ro-RO"},{"@type":"Organization","@id":"https:\/\/vaellolegal.com\/ro\/#organization","name":"Vaello Legal","url":"https:\/\/vaellolegal.com\/ro\/","logo":{"@type":"ImageObject","inLanguage":"ro-RO","@id":"https:\/\/vaellolegal.com\/ro\/#\/schema\/logo\/image\/","url":"https:\/\/vaellolegal.com\/wp-content\/uploads\/2026\/02\/vaello_logo-title.edited.png","contentUrl":"https:\/\/vaellolegal.com\/wp-content\/uploads\/2026\/02\/vaello_logo-title.edited.png","width":1021,"height":446,"caption":"Vaello Legal"},"image":{"@id":"https:\/\/vaellolegal.com\/ro\/#\/schema\/logo\/image\/"}}]}},"_links":{"self":[{"href":"https:\/\/vaellolegal.com\/ro\/wp-json\/wp\/v2\/pages\/1869","targetHints":{"allow":["GET"]}}],"collection":[{"href":"https:\/\/vaellolegal.com\/ro\/wp-json\/wp\/v2\/pages"}],"about":[{"href":"https:\/\/vaellolegal.com\/ro\/wp-json\/wp\/v2\/types\/page"}],"author":[{"embeddable":true,"href":"https:\/\/vaellolegal.com\/ro\/wp-json\/wp\/v2\/users\/3"}],"replies":[{"embeddable":true,"href":"https:\/\/vaellolegal.com\/ro\/wp-json\/wp\/v2\/comments?post=1869"}],"version-history":[{"count":2,"href":"https:\/\/vaellolegal.com\/ro\/wp-json\/wp\/v2\/pages\/1869\/revisions"}],"predecessor-version":[{"id":2382,"href":"https:\/\/vaellolegal.com\/ro\/wp-json\/wp\/v2\/pages\/1869\/revisions\/2382"}],"wp:attachment":[{"href":"https:\/\/vaellolegal.com\/ro\/wp-json\/wp\/v2\/media?parent=1869"}],"wp:term":[{"taxonomy":"post_tag","embeddable":true,"href":"https:\/\/vaellolegal.com\/ro\/wp-json\/wp\/v2\/tags?post=1869"}],"curies":[{"name":"wp","href":"https:\/\/api.w.org\/{rel}","templated":true}]}}