{"id":1860,"date":"2021-10-18T07:29:35","date_gmt":"2021-10-18T05:29:35","guid":{"rendered":"https:\/\/vaellolegal.com\/politica-privind-modulele-cookie\/"},"modified":"2026-03-13T18:21:26","modified_gmt":"2026-03-13T17:21:26","slug":"politica-privind-modulele-cookie","status":"publish","type":"page","link":"https:\/\/vaellolegal.com\/ro\/politica-privind-modulele-cookie\/","title":{"rendered":"Politica privind modulele cookie"},"content":{"rendered":"\t\t<div data-elementor-type=\"wp-page\" data-elementor-id=\"1860\" class=\"elementor elementor-1860 elementor-99\" data-elementor-post-type=\"page\">\n\t\t\t\t<div class=\"elementor-element elementor-element-a679816 e-flex e-con-boxed e-con e-parent\" data-id=\"a679816\" data-element_type=\"container\" data-e-type=\"container\">\n\t\t\t\t\t<div class=\"e-con-inner\">\n\t\t\t\t<div class=\"elementor-element elementor-element-5e7fd54 elementor-widget elementor-widget-heading\" data-id=\"5e7fd54\" data-element_type=\"widget\" data-e-type=\"widget\" data-widget_type=\"heading.default\">\n\t\t\t\t<div class=\"elementor-widget-container\">\n\t\t\t\t\t<h1 class=\"elementor-heading-title elementor-size-default\">POLITICA PRIVIND MODULELE COOKIE \u0218I STOCAREA LOCAL\u0102<\/h1>\t\t\t\t<\/div>\n\t\t\t\t<\/div>\n\t\t\t\t<div class=\"elementor-element elementor-element-b7ba3c6 elementor-widget elementor-widget-text-editor\" data-id=\"b7ba3c6\" data-element_type=\"widget\" data-e-type=\"widget\" data-widget_type=\"text-editor.default\">\n\t\t\t\t<div class=\"elementor-widget-container\">\n\t\t\t\t\t\t\t\t\t<p><strong>POLITICA PRIVIND MODULELE COOKIE \u0218I STOCAREA LOCAL\u0102<\/strong><\/p><p>Acest site utilizeaz\u0103 module cookie \u0219i tehnologii similare pentru a furniza serviciul, precum \u0219i pentru a ne permite s\u0103 \u00eembun\u0103t\u0103\u021bim serviciul prin ob\u021binerea de statistici privind utilizarea \u0219i \u00een alte scopuri.<\/p><p>Navigarea pe acest site implic\u0103 \u00een mod necesar utilizarea de module cookie \u0219i tehnologii similare \u00een m\u0103sura necesar\u0103 pentru func\u021bionarea acestuia. De asemenea, pentru anumite scopuri, cookie-urile \u0219i stocarea local\u0103 vor fi supuse consim\u021b\u0103m\u00e2ntului dumneavoastr\u0103 prealabil. Pute\u021bi accepta sau respinge modulele cookie prin intermediul sistemului de configurare stabilit \u0219i, de asemenea, este posibil s\u0103 v\u0103 configura\u021bi browserul pentru a preveni utilizarea acestora.  <\/p><p>Aceast\u0103 politic\u0103 face parte din politica noastr\u0103 de confiden\u021bialitate \u0219i include urm\u0103toarele:<\/p><ul><li>Ce sunt fursecurile?<\/li><li>Pentru ce sunt utilizate modulele cookie?<\/li><li>Ce \u00een\u021belegem prin tehnologii de tip cookie?<\/li><li>Ce sunt modulele cookie ter\u021b\u0103 parte \u0219i cine sunt destinatarii informa\u021biilor? <\/li><li>Ce func\u021bii \u0219i caracteristici ale ter\u021bilor folosim pe site-ul nostru?<\/li><li>C\u00e2t timp r\u0103m\u00e2n active modulele cookie sau tehnologiile similare?<\/li><li>Utilizarea browserelor cu mod de navigare privat\u0103.<\/li><li>Cum s\u0103 \u00eempiedica\u021bi utilizarea modulelor cookie \u0219i cum s\u0103 le \u0219terge\u021bi?<\/li><\/ul><h3>Ce sunt fursecurile?<\/h3><p>Cookie-urile sunt mici fi\u0219iere temporare care sunt create pe dispozitivul utilizatorului (computer, telefon, tablet\u0103 etc.) atunci c\u00e2nd vizita\u021bi un site web. Acestea permit stocarea sau recuperarea informa\u021biilor atunci c\u00e2nd naviga\u021bi, de exemplu, pentru a v\u0103 salva preferin\u021bele de utilizare, pentru a v\u0103 recunoa\u0219te la vizitele ulterioare sau pentru a colecta informa\u021bii despre obiceiurile dumneavoastr\u0103 de navigare. <\/p><p>Atunci c\u00e2nd un site web creeaz\u0103 un modul cookie pe dispozitivul dvs., sunt stocate adresa\/domenul site-ului web, durata modulului cookie (care poate varia de la c\u00e2teva minute la mai mul\u021bi ani) \u0219i con\u021binutul modulului cookie. Pute\u021bi dezactiva cookie-urile \u00een orice moment utiliz\u00e2nd set\u0103rile de pe acest site web sau configur\u00e2ndu-v\u0103 browserul pentru a preveni utilizarea acestora. <\/p><h3>Pentru ce sunt utilizate modulele cookie?<\/h3><p>Cele mai comune utiliz\u0103ri sau scopuri sunt:<\/p><ul><li><strong>Cookie-uri tehnice esen\u021biale:<\/strong> Pentru a gestiona fluxul de navigare \u00een cadrul site-ului sau pentru a men\u021bine conectarea utilizatorului. Prin dezactivarea acestora, este posibil ca unele sec\u021biuni s\u0103 nu func\u021bioneze corect. <\/li><li><strong>Cookie-uri de personalizare:<\/strong> necesare pentru a re\u021bine anumite preferin\u021be ale utilizatorului.<\/li><li><strong>Module cookie analitice: Acestea<\/strong> ne ajut\u0103 s\u0103 colect\u0103m informa\u021bii despre provenien\u021ba utilizatorilor \u0219i despre modul \u00een care ace\u0219tia navigheaz\u0103 pe site pentru a efectua analize statistice \u0219i pentru a \u00eembun\u0103t\u0103\u021bi structura \u0219i con\u021binutul.<\/li><li><strong>Cookie-uri de publicitate:<\/strong> Pentru a gestiona reclamele care apar pe site \u0219i pentru a decide con\u021binutul sau frecven\u021ba acestora.<\/li><li><strong>Module cookie de publicitate comportamental\u0103:<\/strong> Acestea colecteaz\u0103 obiceiurile de navigare ale utilizatorului pentru a crea un profil de interese \u0219i a afi\u0219a reclame personalizate.<\/li><li><strong>Cookie-uri pentru partajarea social\u0103:<\/strong> Acestea identific\u0103 utilizatorul \u00een re\u021belele sale sociale pentru a partaja con\u021binut.<\/li><\/ul><h3>Ce \u00een\u021belegem prin tehnologii de tip cookie?<\/h3><p>Se refer\u0103 la orice mecanism de stocare \u0219i extragere a datelor de pe dispozitivul utilizatorului. Cele mai comune includ: <\/p><ul><li><strong>Stocarea local\u0103 a browserului:<\/strong> cum ar fi &#8222;sessionStorage&#8221; \u0219i &#8222;localStorage&#8221;.<\/li><li><strong>Stocarea local\u0103 a plug-in-urilor browserului:<\/strong> Exemplu: Flash Local Shared Objects sau Silverlight Isolated Objects.<\/li><li><strong>Web beacons:<\/strong> imagini g\u0103zduite pe servere care permit \u00eenregistrarea vizitelor pe pagini sau e-mailuri.<\/li><li><strong>Fingerprinting:<\/strong> Combin\u0103 informa\u021bii din browser sau dispozitiv pentru a identifica utilizatorul la vizite succesive.<\/li><\/ul><h3>Ce sunt modulele cookie ter\u021b\u0103 parte \u0219i cine sunt destinatarii informa\u021biilor? <\/h3><p>Cookie-urile sunt clasificate ca:<\/p><ul><li><strong>Cookie-uri proprii:<\/strong> create \u0219i gestionate din domeniul nostru.<\/li><li><strong>Module cookie de la ter\u021bi:<\/strong> create \u0219i gestionate de alte site-uri web, care ofer\u0103 func\u021bii precum h\u0103r\u021bi interactive, videoclipuri, butoane de social media sau reclame personalizate. Aceste module cookie sunt sub controlul p\u0103r\u021bii ter\u021be care le furnizeaz\u0103. <\/li><\/ul><h3>Ce func\u021bii \u0219i caracteristici ale ter\u021bilor folosim pe site-ul nostru?<\/h3><p>Mai jos este un tabel recapitulativ al cookie-urilor utilizate pe site-ul nostru:<\/p><table><thead><tr><th>Cookie<\/th><th>Tip<\/th><th>Durat\u0103<\/th><th>Descriere<\/th><\/tr><\/thead><tbody><tr><td>__cf_bm<\/td><td>De la sesiune<\/td><td>1 or\u0103<\/td><td>Suport pentru gestionarea bot de c\u0103tre Cloudflare.<\/td><\/tr><tr><td>cookielawinfo-checkbox-analytics<\/td><td>Persistent<\/td><td>11 luni<\/td><td>Stocheaz\u0103 consim\u021b\u0103m\u00e2ntul pentru cookie-urile analitice.<\/td><\/tr><tr><td>cookielawinfo-checkbox-func\u021bional<\/td><td>Persistent<\/td><td>11 luni<\/td><td>Stocheaz\u0103 consim\u021b\u0103m\u00e2ntul pentru cookie-urile func\u021bionale.<\/td><\/tr><tr><td>cookielawinfo-checkbox-necesar<\/td><td>Persistent<\/td><td>11 luni<\/td><td>Stocheaz\u0103 consim\u021b\u0103m\u00e2ntul pentru cookie-urile necesare.<\/td><\/tr><tr><td>Politica_cookie_vizitat\u0103<\/td><td>Persistent<\/td><td>11 luni<\/td><td>Indic\u0103 dac\u0103 utilizatorul a consim\u021bit la utilizarea de module cookie.<\/td><\/tr><\/tbody><\/table><h3>C\u00e2t timp r\u0103m\u00e2n active modulele cookie sau tehnologiile similare?<\/h3><p>Cookie-urile pot fi:<\/p><ul><li><strong>Module cookie temporare de sesiune:<\/strong> Acestea sunt \u0219terse atunci c\u00e2nd browserul este \u00eenchis.<\/li><li><strong>Persistente:<\/strong> Ele r\u0103m\u00e2n p\u00e2n\u0103 c\u00e2nd expir\u0103 sau sunt \u0219terse manual.<\/li><\/ul><h3>Cum s\u0103 \u00eempiedica\u021bi utilizarea modulelor cookie \u0219i cum s\u0103 le \u0219terge\u021bi?<\/h3><p>V\u0103 pute\u021bi seta preferin\u021bele \u00een orice moment utiliz\u00e2nd sistemul de configurare a modulelor cookie integrat \u00een acest site web. \u00cen plus, majoritatea browserelor v\u0103 permit s\u0103 dezactiva\u021bi modulele cookie la nivel global sau pentru anumite domenii. V\u0103 rug\u0103m s\u0103 consulta\u021bi ajutorul browserului dumneavoastr\u0103:  <\/p><ul><li><a href=\"https:\/\/support.google.com\/chrome\/answer\/95647?hl=es\">Crom<\/a><\/li><li><a href=\"https:\/\/privacy.microsoft.com\/es-es\/windows-10-microsoft-edge-and-privacy\">Microsoft Edge<\/a><\/li><li><a href=\"https:\/\/support.mozilla.org\/es\/kb\/habilitar-y-deshabilitar-cookies-sitios-web-rastrear-preferencias\">Firefox<\/a><\/li><li><a href=\"https:\/\/support.apple.com\/kb\/PH17191?viewlocale=es_ES&amp;locale=es_ES\">Safari<\/a><\/li><li><a href=\"http:\/\/www.opera.com\/es\/help\">Oper\u0103<\/a><\/li><\/ul><p>Pentru mai multe informa\u021bii, v\u0103 rug\u0103m s\u0103 consulta\u021bi Politica noastr\u0103 de confiden\u021bialitate.<\/p>\t\t\t\t\t\t\t\t<\/div>\n\t\t\t\t<\/div>\n\t\t\t\t\t<\/div>\n\t\t\t\t<\/div>\n\t\t\t\t<\/div>\n\t\t","protected":false},"excerpt":{"rendered":"<p>POLITICA PRIVIND MODULELE COOKIE \u0218I STOCAREA LOCAL\u0102 POLITICA PRIVIND MODULELE COOKIE \u0218I STOCAREA LOCAL\u0102 Acest site utilizeaz\u0103 module cookie \u0219i tehnologii similare pentru a furniza serviciul, precum \u0219i pentru a ne permite s\u0103 \u00eembun\u0103t\u0103\u021bim serviciul prin ob\u021binerea de statistici privind utilizarea \u0219i \u00een alte scopuri. Navigarea pe acest site implic\u0103 \u00een mod necesar utilizarea de [&hellip;]<\/p>\n","protected":false},"author":3,"featured_media":0,"parent":0,"menu_order":0,"comment_status":"closed","ping_status":"closed","template":"","meta":{"_acf_changed":false,"inline_featured_image":false,"footnotes":""},"tags":[],"class_list":["post-1860","page","type-page","status-publish","hentry"],"acf":[],"yoast_head":"<!-- This site is optimized with the Yoast SEO plugin v27.2 - https:\/\/yoast.com\/product\/yoast-seo-wordpress\/ -->\n<title>\u25b7Politica privind modulele cookie - \u3010 Vaello Legal \u3011<\/title>\n<meta name=\"description\" content=\"POLITICA PRIVIND MODULELE COOKIE \u0218I STOCAREA LOCAL\u0102 POLITICA PRIVIND MODULELE COOKIE \u0218I STOCAREA LOCAL\u0102Acest site utilizeaz\u0103 module cookie \u0219i tehnologii \u2713\" \/>\n<meta name=\"robots\" content=\"noindex, nofollow\" \/>\n<meta property=\"og:locale\" content=\"ro_RO\" \/>\n<meta property=\"og:type\" content=\"article\" \/>\n<meta property=\"og:title\" content=\"\u25b7Politica privind modulele cookie - \u3010 Vaello Legal \u3011\" \/>\n<meta property=\"og:description\" content=\"POLITICA PRIVIND MODULELE COOKIE \u0218I STOCAREA LOCAL\u0102 POLITICA PRIVIND MODULELE COOKIE \u0218I STOCAREA LOCAL\u0102Acest site utilizeaz\u0103 module cookie \u0219i tehnologii \u2713\" \/>\n<meta property=\"og:url\" content=\"https:\/\/vaellolegal.com\/ro\/politica-privind-modulele-cookie\/\" \/>\n<meta property=\"og:site_name\" content=\"Vaello Legal\" \/>\n<meta property=\"article:modified_time\" content=\"2026-03-13T17:21:26+00:00\" \/>\n<meta name=\"twitter:card\" content=\"summary_large_image\" \/>\n<meta name=\"twitter:label1\" content=\"Timp estimat pentru citire\" \/>\n\t<meta name=\"twitter:data1\" content=\"4 minute\" \/>\n<!-- \/ Yoast SEO plugin. -->","yoast_head_json":{"title":"\u25b7Politica privind modulele cookie - \u3010 Vaello Legal \u3011","description":"POLITICA PRIVIND MODULELE COOKIE \u0218I STOCAREA LOCAL\u0102 POLITICA PRIVIND MODULELE COOKIE \u0218I STOCAREA LOCAL\u0102Acest site utilizeaz\u0103 module cookie \u0219i tehnologii \u2713","robots":{"index":"noindex","follow":"nofollow"},"og_locale":"ro_RO","og_type":"article","og_title":"\u25b7Politica privind modulele cookie - \u3010 Vaello Legal \u3011","og_description":"POLITICA PRIVIND MODULELE COOKIE \u0218I STOCAREA LOCAL\u0102 POLITICA PRIVIND MODULELE COOKIE \u0218I STOCAREA LOCAL\u0102Acest site utilizeaz\u0103 module cookie \u0219i tehnologii \u2713","og_url":"https:\/\/vaellolegal.com\/ro\/politica-privind-modulele-cookie\/","og_site_name":"Vaello Legal","article_modified_time":"2026-03-13T17:21:26+00:00","twitter_card":"summary_large_image","twitter_misc":{"Timp estimat pentru citire":"4 minute"},"schema":{"@context":"https:\/\/schema.org","@graph":[{"@type":"WebPage","@id":"https:\/\/vaellolegal.com\/ro\/politica-privind-modulele-cookie\/","url":"https:\/\/vaellolegal.com\/ro\/politica-privind-modulele-cookie\/","name":"\u25b7Politica privind modulele cookie - \u3010 Vaello Legal \u3011","isPartOf":{"@id":"https:\/\/vaellolegal.com\/ro\/#website"},"datePublished":"2021-10-18T05:29:35+00:00","dateModified":"2026-03-13T17:21:26+00:00","description":"POLITICA PRIVIND MODULELE COOKIE \u0218I STOCAREA LOCAL\u0102 POLITICA PRIVIND MODULELE COOKIE \u0218I STOCAREA LOCAL\u0102Acest site utilizeaz\u0103 module cookie \u0219i tehnologii \u2713","breadcrumb":{"@id":"https:\/\/vaellolegal.com\/ro\/politica-privind-modulele-cookie\/#breadcrumb"},"inLanguage":"ro-RO","potentialAction":[{"@type":"ReadAction","target":["https:\/\/vaellolegal.com\/ro\/politica-privind-modulele-cookie\/"]}]},{"@type":"BreadcrumbList","@id":"https:\/\/vaellolegal.com\/ro\/politica-privind-modulele-cookie\/#breadcrumb","itemListElement":[{"@type":"ListItem","position":1,"name":"Portada","item":"https:\/\/vaellolegal.com\/ro\/"},{"@type":"ListItem","position":2,"name":"Politica privind modulele cookie"}]},{"@type":"WebSite","@id":"https:\/\/vaellolegal.com\/ro\/#website","url":"https:\/\/vaellolegal.com\/ro\/","name":"Vaello Legal","description":"Abogados inmobiliarios en Barcelona","publisher":{"@id":"https:\/\/vaellolegal.com\/ro\/#organization"},"potentialAction":[{"@type":"SearchAction","target":{"@type":"EntryPoint","urlTemplate":"https:\/\/vaellolegal.com\/ro\/?s={search_term_string}"},"query-input":{"@type":"PropertyValueSpecification","valueRequired":true,"valueName":"search_term_string"}}],"inLanguage":"ro-RO"},{"@type":"Organization","@id":"https:\/\/vaellolegal.com\/ro\/#organization","name":"Vaello Legal","url":"https:\/\/vaellolegal.com\/ro\/","logo":{"@type":"ImageObject","inLanguage":"ro-RO","@id":"https:\/\/vaellolegal.com\/ro\/#\/schema\/logo\/image\/","url":"https:\/\/vaellolegal.com\/wp-content\/uploads\/2026\/02\/vaello_logo-title.edited.png","contentUrl":"https:\/\/vaellolegal.com\/wp-content\/uploads\/2026\/02\/vaello_logo-title.edited.png","width":1021,"height":446,"caption":"Vaello Legal"},"image":{"@id":"https:\/\/vaellolegal.com\/ro\/#\/schema\/logo\/image\/"}}]}},"_links":{"self":[{"href":"https:\/\/vaellolegal.com\/ro\/wp-json\/wp\/v2\/pages\/1860","targetHints":{"allow":["GET"]}}],"collection":[{"href":"https:\/\/vaellolegal.com\/ro\/wp-json\/wp\/v2\/pages"}],"about":[{"href":"https:\/\/vaellolegal.com\/ro\/wp-json\/wp\/v2\/types\/page"}],"author":[{"embeddable":true,"href":"https:\/\/vaellolegal.com\/ro\/wp-json\/wp\/v2\/users\/3"}],"replies":[{"embeddable":true,"href":"https:\/\/vaellolegal.com\/ro\/wp-json\/wp\/v2\/comments?post=1860"}],"version-history":[{"count":1,"href":"https:\/\/vaellolegal.com\/ro\/wp-json\/wp\/v2\/pages\/1860\/revisions"}],"predecessor-version":[{"id":1863,"href":"https:\/\/vaellolegal.com\/ro\/wp-json\/wp\/v2\/pages\/1860\/revisions\/1863"}],"wp:attachment":[{"href":"https:\/\/vaellolegal.com\/ro\/wp-json\/wp\/v2\/media?parent=1860"}],"wp:term":[{"taxonomy":"post_tag","embeddable":true,"href":"https:\/\/vaellolegal.com\/ro\/wp-json\/wp\/v2\/tags?post=1860"}],"curies":[{"name":"wp","href":"https:\/\/api.w.org\/{rel}","templated":true}]}}