{"id":1839,"date":"2021-10-14T15:46:36","date_gmt":"2021-10-14T13:46:36","guid":{"rendered":"https:\/\/vaellolegal.com\/politica-de-confidentialitate\/"},"modified":"2026-03-13T18:20:47","modified_gmt":"2026-03-13T17:20:47","slug":"politica-de-confidentialitate","status":"publish","type":"page","link":"https:\/\/vaellolegal.com\/ro\/politica-de-confidentialitate\/","title":{"rendered":"Politica de confiden\u021bialitate"},"content":{"rendered":"\t\t<div data-elementor-type=\"wp-page\" data-elementor-id=\"1839\" class=\"elementor elementor-1839 elementor-38\" data-elementor-post-type=\"page\">\n\t\t\t\t<div class=\"elementor-element elementor-element-f7951c3 e-flex e-con-boxed e-con e-parent\" data-id=\"f7951c3\" data-element_type=\"container\" data-e-type=\"container\">\n\t\t\t\t\t<div class=\"e-con-inner\">\n\t\t\t\t<div class=\"elementor-element elementor-element-84bfe24 elementor-widget elementor-widget-heading\" data-id=\"84bfe24\" data-element_type=\"widget\" data-e-type=\"widget\" data-widget_type=\"heading.default\">\n\t\t\t\t<div class=\"elementor-widget-container\">\n\t\t\t\t\t<h1 class=\"elementor-heading-title elementor-size-default\">POLITICA DE CONFIDEN\u021aIALITATE<\/h1>\t\t\t\t<\/div>\n\t\t\t\t<\/div>\n\t\t\t\t<div class=\"elementor-element elementor-element-38da3dd elementor-widget elementor-widget-text-editor\" data-id=\"38da3dd\" data-element_type=\"widget\" data-e-type=\"widget\" data-widget_type=\"text-editor.default\">\n\t\t\t\t<div class=\"elementor-widget-container\">\n\t\t\t\t\t\t\t\t\t<p><strong>POLITICA DE CONFIDEN\u021aIALITATE<\/strong><\/p><p>Dac\u0103 sunte\u021bi aici, este pentru c\u0103 dori\u021bi s\u0103 afla\u021bi mai multe despre obliga\u021biile \u0219i drepturile dvs. \u00een calitate de utilizator al acestui site. <strong>www.vaellolegal.com<\/strong> \u0219i este \u00een regul\u0103. Datoria noastr\u0103 este s\u0103 v\u0103 inform\u0103m, iar a dumneavoastr\u0103 este s\u0103 fi\u021bi informat corespunz\u0103tor.<\/p><p>\u00cen aceast\u0103 Politic\u0103 de confiden\u021bialitate v\u0103 vom informa cu transparen\u021b\u0103 complet\u0103 cu privire la scopul acestui site web \u0219i tot ceea ce afecteaz\u0103 datele pe care ni le furniza\u021bi, precum \u0219i obliga\u021biile \u0219i drepturile care v\u0103 revin.<\/p><p>Pentru \u00eenceput, trebuie s\u0103 \u0219ti\u021bi c\u0103 acest site web este adaptat la reglement\u0103rile actuale privind protec\u021bia datelor, care afecteaz\u0103 datele cu caracter personal pe care ni le furniza\u021bi cu consim\u021b\u0103m\u00e2ntul dvs. expres \u0219i cookie-urile pe care le folosim pentru ca acest site web s\u0103 poat\u0103 func\u021biona corect \u0219i s\u0103 \u00ee\u0219i poat\u0103 desf\u0103\u0219ura activitatea.<\/p><p>\u00cen special, acest site respect\u0103 urm\u0103toarele reglement\u0103ri:<\/p><ul><li><strong>GDPR<\/strong> (Regulamentul (UE) 2016\/679 al Parlamentului European \u0219i al Consiliului din 27 aprilie 2016 privind protec\u021bia persoanelor fizice), care unific\u0103 reglementarea prelucr\u0103rii datelor cu caracter personal \u00een diferitele \u021b\u0103ri ale UE.<\/li><li><strong>LOPDGDD<\/strong> (Ley Org\u00e1nica 3\/2018, de 5 de diciembre, de Protecci\u00f3n de Datos Personales y garant\u00eda de los derechos digitales), care adapteaz\u0103 legisla\u021bia spaniol\u0103 la RGPD \u0219i reglementeaz\u0103 drepturile digitale.<\/li><li><strong>LSSI<\/strong> (Legea 34\/2002, din 11 iulie, privind serviciile societ\u0103\u021bii informa\u021bionale \u0219i comer\u021bul electronic), care reglementeaz\u0103 tranzac\u021biile economice prin mijloace electronice, ca \u00een cazul acestui blog.<\/li><\/ul><p><strong>DATE DE IDENTIFICARE<\/strong><\/p><p>Responsabilul \u0219i proprietarul acestui site este <strong>Oscar Vaello Monllau<\/strong>:<\/p><ul><li><strong>Nume:<\/strong> Oscar Vaello Monllau<\/li><li><strong>NIF:<\/strong> 40994280T<\/li><li><strong>Sediul social:<\/strong> Carrer de los Castillejos, 267, Eixample, 08013<\/li><li><strong>Activitatea site-ului:<\/strong> Distribuirea de con\u021binut legat de <strong>Oscar Vaello Monllau<\/strong>con\u021binut conex, afi\u0219area de reclame \u0219i recomandarea de produse afiliate.<\/li><li><strong>E-mail:<\/strong><\/li><\/ul><p>Datele pe care ni le furniza\u021bi cu consim\u021b\u0103m\u00e2ntul dumneavoastr\u0103 \u0219i \u00een conformitate cu utilizarea stabilit\u0103 \u00een Politica noastr\u0103 de confiden\u021bialitate, vor fi \u00eencorporate \u00eentr-un fi\u0219ier automatizat \u00eenregistrat \u00een mod corespunz\u0103tor la Agen\u021bia spaniol\u0103 pentru protec\u021bia datelor. Acest lucru \u00eenseamn\u0103 c\u0103 datele dumneavoastr\u0103 sunt \u00een siguran\u021b\u0103, \u00een conformitate cu legea. <\/p><p>Datele cu caracter personal pe care ni le furniza\u021bi, cu consim\u021b\u0103m\u00e2ntul dumneavoastr\u0103 expres, vor fi stocate \u0219i prelucrate \u00een scopurile stabilite \u0219i descrise mai jos \u00een prezenta politic\u0103 de confiden\u021bialitate, p\u00e2n\u0103 \u00een momentul \u00een care ne solicita\u021bi s\u0103 le \u0219tergem.<\/p><p>V\u0103 inform\u0103m c\u0103 aceast\u0103 Politic\u0103 de confiden\u021bialitate poate fi modificat\u0103 \u00een orice moment pentru a o adapta la noua legisla\u021bie sau la schimb\u0103rile din activit\u0103\u021bile noastre. Versiunea curent\u0103 va fi \u00eentotdeauna cea publicat\u0103 pe acest site web \u0219i ve\u021bi fi notificat cu privire la orice modificare relevant\u0103 \u00eenainte ca aceasta s\u0103 fie aplicat\u0103. <\/p><p><strong>CONDI\u021aII DE UTILIZARE<\/strong><\/p><p>Trebuie s\u0103 \u0219ti\u021bi, pentru lini\u0219tea dumneavoastr\u0103, c\u0103 v\u0103 vom solicita \u00eentotdeauna consim\u021b\u0103m\u00e2ntul expres pentru a colecta datele dumneavoastr\u0103 \u00een scopul corespunz\u0103tor specificat \u00een fiecare caz. Acest lucru implic\u0103 faptul c\u0103, dac\u0103 v\u0103 da\u021bi consim\u021b\u0103m\u00e2ntul, a\u021bi citit \u0219i acceptat prezenta politic\u0103 de confiden\u021bialitate. <\/p><p>Prin accesarea \u0219i utilizarea acestui site, v\u0103 asuma\u021bi statutul de utilizator, cu drepturile \u0219i obliga\u021biile aferente.<\/p><ul><li>Dac\u0103 ave\u021bi peste 14 ani, v\u0103 pute\u021bi \u00eenregistra ca utilizator al acestui site f\u0103r\u0103 acordul prealabil al p\u0103rintelui sau tutorelui dumneavoastr\u0103.<\/li><li>Dac\u0103 ave\u021bi sub 14 ani, ve\u021bi avea nevoie de consim\u021b\u0103m\u00e2ntul p\u0103rin\u021bilor sau al tutorilor pentru prelucrarea datelor dvs. personale.<\/li><\/ul><p><strong>\u00ceNREGISTRAREA \u0218I SCOPUL DATELOR DUMNEAVOASTR\u0102<\/strong><\/p><p>\u00cen func\u021bie de formularul sau sec\u021biunea pe care o accesa\u021bi, v\u0103 vom solicita doar datele necesare pentru scopurile descrise mai jos. \u00cen orice moment, trebuie s\u0103 v\u0103 da\u021bi consim\u021b\u0103m\u00e2ntul expres atunci c\u00e2nd v\u0103 solicit\u0103m informa\u021bii personale pentru: <\/p><ul><li>Scopurile specifice care sunt indicate \u00een mod special pe fiecare dintre paginile sau sec\u021biunile \u00een care apare formularul de \u00eenregistrare sau de contact electronic.<\/li><li>Pentru a r\u0103spunde solicit\u0103rilor, comentariilor, \u00eentreb\u0103rilor sau oric\u0103rui tip de cerere pe care o face\u021bi \u00een calitate de utilizator prin intermediul oric\u0103reia dintre formele de contact disponibile.<\/li><li>s\u0103 v\u0103 inform\u0103m cu privire la solicit\u0103ri, activit\u0103\u021bi, produse, \u0219tiri \u0219i\/sau servicii prin diverse mijloace electronice sau fizice.<\/li><li>Pentru a v\u0103 trimite comunic\u0103ri comerciale legate de produsele, serviciile sau promo\u021biile noastre, precum \u0219i de acele produse sau servicii pe care le putem considera de interes pentru dumneavoastr\u0103, oferite de colaboratori sau parteneri cu care avem acorduri promo\u021bionale.<\/li><\/ul><p>Aceste comunic\u0103ri vor fi \u00eentotdeauna efectuate de Nom empresa, f\u0103r\u0103 ca ter\u021be p\u0103r\u021bi s\u0103 aib\u0103 acces la datele dumneavoastr\u0103 cu caracter personal.<\/p><p><strong>ACURATE\u021aEA \u0218I VERIDICITATEA DATELOR<\/strong><\/p><p>\u00cen calitate de utilizator, sunte\u021bi responsabil pentru acurate\u021bea \u0219i actualizarea datelor pe care le furniza\u021bi. Sunte\u021bi de acord s\u0103 furniza\u021bi informa\u021bii complete \u0219i corecte \u00een formularele de contact sau de abonament. <\/p><p><strong>DEZABONAREA \u0218I DREPTUL DE REVOCARE<\/strong><\/p><p>\u00cen calitate de proprietar al datelor, v\u0103 pute\u021bi exercita \u00een orice moment drepturile de acces, rectificare, anulare \u0219i opozi\u021bie prin trimiterea unui e-mail la <strong><\/strong> ata\u0219\u00e2nd o copie a documentului dumneavoastr\u0103 de identitate ca dovad\u0103 valabil\u0103.<\/p><p><strong>ACCESUL LA DATE \u00ceN NUMELE UNOR P\u0102R\u021aI TER\u021aE<\/strong><\/p><p>Pentru a furniza serviciile necesare, \u00eemp\u0103rt\u0103\u0219im datele cu:<\/p><ul><li><strong>Dinahosting SL<\/strong>, furnizor de g\u0103zduire. Mai multe informa\u021bii la <a href=\"https:\/\/dinahosting.com\/legal\/proteccion-datos\">https:\/\/dinahosting.com\/legal\/proteccion-datos.<\/a> <\/li><li><strong>Google Analytics<\/strong>: Analizeaz\u0103 utilizarea site-ului web. Consulta\u021bi politica sa de confiden\u021bialitate la <a href=\"https:\/\/www.google.com\/intl\/es\/policies\/privacy\/\">https:\/\/www.google.com\/intl\/es\/policies\/privacy\/.<\/a> <\/li><li><strong>Google Adsense<\/strong>: Publica\u021bi anun\u021buri personalizate. Consulta\u021bi politica lor la <a href=\"https:\/\/www.google.com\/intl\/es\/policies\/privacy\/\">https:\/\/www.google.com\/intl\/es\/policies\/privacy\/.<\/a> <\/li><\/ul><p><strong>M\u0102SURI DE SECURITATE<\/strong><\/p><p>Compania Nom a luat toate m\u0103surile necesare pentru a asigura securitatea \u0219i integritatea datelor dvs. cu caracter personal \u0219i pentru a preveni pierderea, modificarea sau accesul neautorizat al acestora de c\u0103tre ter\u021bi.<\/p><p>Pentru mai multe informa\u021bii, pute\u021bi consulta paginile noastre Aviz juridic \u0219i Politic\u0103 privind cookie-urile.<\/p>\t\t\t\t\t\t\t\t<\/div>\n\t\t\t\t<\/div>\n\t\t\t\t\t<\/div>\n\t\t\t\t<\/div>\n\t\t\t\t<\/div>\n\t\t","protected":false},"excerpt":{"rendered":"<p>POLITICA DE CONFIDEN\u021aIALITATE POLITICA DE CONFIDEN\u021aIALITATE Dac\u0103 sunte\u021bi aici, este pentru c\u0103 dori\u021bi s\u0103 afla\u021bi mai multe despre obliga\u021biile \u0219i drepturile dvs. \u00een calitate de utilizator al acestui site. \u0219i este \u00een regul\u0103. Datoria noastr\u0103 este s\u0103 v\u0103 inform\u0103m, iar a dumneavoastr\u0103 este s\u0103 fi\u021bi informat corespunz\u0103tor. \u00cen aceast\u0103 Politic\u0103 de confiden\u021bialitate v\u0103 vom informa [&hellip;]<\/p>\n","protected":false},"author":3,"featured_media":0,"parent":0,"menu_order":0,"comment_status":"closed","ping_status":"open","template":"elementor_header_footer","meta":{"_acf_changed":false,"inline_featured_image":false,"footnotes":""},"tags":[],"class_list":["post-1839","page","type-page","status-publish","hentry"],"acf":[],"yoast_head":"<!-- This site is optimized with the Yoast SEO plugin v27.2 - https:\/\/yoast.com\/product\/yoast-seo-wordpress\/ -->\n<title>\u25b7Politica de confiden\u021bialitate - \u3010 Vaello Legal \u3011<\/title>\n<meta name=\"description\" content=\"POLITICA DE CONFIDEN\u021aIALITATE POLITICA DE CONFIDEN\u021aIALITATEDac\u0103 sunte\u021bi aici, este pentru c\u0103 dori\u021bi s\u0103 afla\u021bi mai multe despre obliga\u021biile \u0219i drepturile \u2713\" \/>\n<meta name=\"robots\" content=\"noindex, nofollow\" \/>\n<meta property=\"og:locale\" content=\"ro_RO\" \/>\n<meta property=\"og:type\" content=\"article\" \/>\n<meta property=\"og:title\" content=\"\u25b7Politica de confiden\u021bialitate - \u3010 Vaello Legal \u3011\" \/>\n<meta property=\"og:description\" content=\"POLITICA DE CONFIDEN\u021aIALITATE POLITICA DE CONFIDEN\u021aIALITATEDac\u0103 sunte\u021bi aici, este pentru c\u0103 dori\u021bi s\u0103 afla\u021bi mai multe despre obliga\u021biile \u0219i drepturile \u2713\" \/>\n<meta property=\"og:url\" content=\"https:\/\/vaellolegal.com\/ro\/politica-de-confidentialitate\/\" \/>\n<meta property=\"og:site_name\" content=\"Vaello Legal\" \/>\n<meta property=\"article:modified_time\" content=\"2026-03-13T17:20:47+00:00\" \/>\n<meta name=\"twitter:card\" content=\"summary_large_image\" \/>\n<meta name=\"twitter:label1\" content=\"Timp estimat pentru citire\" \/>\n\t<meta name=\"twitter:data1\" content=\"5 minute\" \/>\n<!-- \/ Yoast SEO plugin. -->","yoast_head_json":{"title":"\u25b7Politica de confiden\u021bialitate - \u3010 Vaello Legal \u3011","description":"POLITICA DE CONFIDEN\u021aIALITATE POLITICA DE CONFIDEN\u021aIALITATEDac\u0103 sunte\u021bi aici, este pentru c\u0103 dori\u021bi s\u0103 afla\u021bi mai multe despre obliga\u021biile \u0219i drepturile \u2713","robots":{"index":"noindex","follow":"nofollow"},"og_locale":"ro_RO","og_type":"article","og_title":"\u25b7Politica de confiden\u021bialitate - \u3010 Vaello Legal \u3011","og_description":"POLITICA DE CONFIDEN\u021aIALITATE POLITICA DE CONFIDEN\u021aIALITATEDac\u0103 sunte\u021bi aici, este pentru c\u0103 dori\u021bi s\u0103 afla\u021bi mai multe despre obliga\u021biile \u0219i drepturile \u2713","og_url":"https:\/\/vaellolegal.com\/ro\/politica-de-confidentialitate\/","og_site_name":"Vaello Legal","article_modified_time":"2026-03-13T17:20:47+00:00","twitter_card":"summary_large_image","twitter_misc":{"Timp estimat pentru citire":"5 minute"},"schema":{"@context":"https:\/\/schema.org","@graph":[{"@type":"WebPage","@id":"https:\/\/vaellolegal.com\/ro\/politica-de-confidentialitate\/","url":"https:\/\/vaellolegal.com\/ro\/politica-de-confidentialitate\/","name":"\u25b7Politica de confiden\u021bialitate - \u3010 Vaello Legal \u3011","isPartOf":{"@id":"https:\/\/vaellolegal.com\/ro\/#website"},"datePublished":"2021-10-14T13:46:36+00:00","dateModified":"2026-03-13T17:20:47+00:00","description":"POLITICA DE CONFIDEN\u021aIALITATE POLITICA DE CONFIDEN\u021aIALITATEDac\u0103 sunte\u021bi aici, este pentru c\u0103 dori\u021bi s\u0103 afla\u021bi mai multe despre obliga\u021biile \u0219i drepturile \u2713","breadcrumb":{"@id":"https:\/\/vaellolegal.com\/ro\/politica-de-confidentialitate\/#breadcrumb"},"inLanguage":"ro-RO","potentialAction":[{"@type":"ReadAction","target":["https:\/\/vaellolegal.com\/ro\/politica-de-confidentialitate\/"]}]},{"@type":"BreadcrumbList","@id":"https:\/\/vaellolegal.com\/ro\/politica-de-confidentialitate\/#breadcrumb","itemListElement":[{"@type":"ListItem","position":1,"name":"Portada","item":"https:\/\/vaellolegal.com\/ro\/"},{"@type":"ListItem","position":2,"name":"Politica de confiden\u021bialitate"}]},{"@type":"WebSite","@id":"https:\/\/vaellolegal.com\/ro\/#website","url":"https:\/\/vaellolegal.com\/ro\/","name":"Vaello Legal","description":"Abogados inmobiliarios en Barcelona","publisher":{"@id":"https:\/\/vaellolegal.com\/ro\/#organization"},"potentialAction":[{"@type":"SearchAction","target":{"@type":"EntryPoint","urlTemplate":"https:\/\/vaellolegal.com\/ro\/?s={search_term_string}"},"query-input":{"@type":"PropertyValueSpecification","valueRequired":true,"valueName":"search_term_string"}}],"inLanguage":"ro-RO"},{"@type":"Organization","@id":"https:\/\/vaellolegal.com\/ro\/#organization","name":"Vaello Legal","url":"https:\/\/vaellolegal.com\/ro\/","logo":{"@type":"ImageObject","inLanguage":"ro-RO","@id":"https:\/\/vaellolegal.com\/ro\/#\/schema\/logo\/image\/","url":"https:\/\/vaellolegal.com\/wp-content\/uploads\/2026\/02\/vaello_logo-title.edited.png","contentUrl":"https:\/\/vaellolegal.com\/wp-content\/uploads\/2026\/02\/vaello_logo-title.edited.png","width":1021,"height":446,"caption":"Vaello Legal"},"image":{"@id":"https:\/\/vaellolegal.com\/ro\/#\/schema\/logo\/image\/"}}]}},"_links":{"self":[{"href":"https:\/\/vaellolegal.com\/ro\/wp-json\/wp\/v2\/pages\/1839","targetHints":{"allow":["GET"]}}],"collection":[{"href":"https:\/\/vaellolegal.com\/ro\/wp-json\/wp\/v2\/pages"}],"about":[{"href":"https:\/\/vaellolegal.com\/ro\/wp-json\/wp\/v2\/types\/page"}],"author":[{"embeddable":true,"href":"https:\/\/vaellolegal.com\/ro\/wp-json\/wp\/v2\/users\/3"}],"replies":[{"embeddable":true,"href":"https:\/\/vaellolegal.com\/ro\/wp-json\/wp\/v2\/comments?post=1839"}],"version-history":[{"count":1,"href":"https:\/\/vaellolegal.com\/ro\/wp-json\/wp\/v2\/pages\/1839\/revisions"}],"predecessor-version":[{"id":1844,"href":"https:\/\/vaellolegal.com\/ro\/wp-json\/wp\/v2\/pages\/1839\/revisions\/1844"}],"wp:attachment":[{"href":"https:\/\/vaellolegal.com\/ro\/wp-json\/wp\/v2\/media?parent=1839"}],"wp:term":[{"taxonomy":"post_tag","embeddable":true,"href":"https:\/\/vaellolegal.com\/ro\/wp-json\/wp\/v2\/tags?post=1839"}],"curies":[{"name":"wp","href":"https:\/\/api.w.org\/{rel}","templated":true}]}}